{"id":193,"date":"2023-12-05T14:41:04","date_gmt":"2023-12-05T14:41:04","guid":{"rendered":"https:\/\/authentischsein.eu\/?page_id=193"},"modified":"2024-01-08T10:24:03","modified_gmt":"2024-01-08T10:24:03","slug":"selbstfuersorge","status":"publish","type":"page","link":"https:\/\/authentischsein.eu\/index.php\/selbstfuersorge\/","title":{"rendered":"Selbst-F\u00fcrsorge"},"content":{"rendered":"<p style=\"text-align: left;\"><span data-tt=\"{&quot;paragraphStyle&quot;:{&quot;alignment&quot;:4,&quot;writingDirection&quot;:1}}\">In unserer heutigen Zeit mit ihren besonderen Herausforderungen ist es wichtig , dass wir gut f\u00fcr uns sorgen . <\/span><span data-tt=\"{&quot;paragraphStyle&quot;:{&quot;alignment&quot;:4,&quot;writingDirection&quot;:1}}\">Denn nur wenn es uns gut geht &amp; wir gest\u00e4rkt sind , k\u00f6nnen wir f\u00fcr uns einstehen und unsere W\u00fcnsche und Bed\u00fcrfnisse f\u00fcr uns und andere in die Tat umsetzten. <\/span><\/p>\n<p><span data-tt=\"{&quot;paragraphStyle&quot;:{&quot;alignment&quot;:4,&quot;writingDirection&quot;:1}}\">Nach meiner Erfahrung ist diese mit dem passendem Handwerkszeug einfach zu erreichen . <\/span><span data-tt=\"{&quot;paragraphStyle&quot;:{&quot;alignment&quot;:4,&quot;writingDirection&quot;:1}}\">Das heisst nicht , dass es leicht ist . <\/span><\/p>\n<p><span data-tt=\"{&quot;paragraphStyle&quot;:{&quot;alignment&quot;:4,&quot;writingDirection&quot;:1}}\">Oft stehe \u00fcber lange Zeit enstandene Systematiken <\/span><span data-tt=\"{&quot;paragraphStyle&quot;:{&quot;alignment&quot;:4,&quot;writingDirection&quot;:1}}\">, diesen einfachen L\u00f6sungen scheinbar im Weg und ein Weiterkommen erscheint gerade schwer oder gar unm\u00f6glich.<\/span><\/p>\n<p><span data-tt=\"{&quot;paragraphStyle&quot;:{&quot;alignment&quot;:4,&quot;writingDirection&quot;:1}}\">Dabei erachte ich es ist als wichtig die eigenen Resourcen lernen achtsam einzusch\u00e4tzen und diese geschickt einzusetzten . <\/span><span data-tt=\"{&quot;paragraphStyle&quot;:{&quot;alignment&quot;:4,&quot;writingDirection&quot;:1}}\">Dann kann sich unser Wohlergehen ungehemmt entfalten. <\/span><\/p>\n<p><span data-tt=\"{&quot;paragraphStyle&quot;:{&quot;alignment&quot;:4,&quot;writingDirection&quot;:1}}\">F\u00fcr ein Starkes ich im Wir <\/span><\/p>\n","protected":false},"excerpt":{"rendered":"<p>In unserer heutigen Zeit mit ihren besonderen Herausforderungen ist es wichtig , dass wir gut f\u00fcr uns sorgen . Denn nur wenn es uns gut geht &amp; wir gest\u00e4rkt sind , k\u00f6nnen wir f\u00fcr uns einstehen und unsere W\u00fcnsche und Bed\u00fcrfnisse f\u00fcr uns und andere in die Tat umsetzten. Nach meiner Erfahrung ist diese mit&hellip; <a class=\"more-link\" href=\"https:\/\/authentischsein.eu\/index.php\/selbstfuersorge\/\"><span class=\"screen-reader-text\">Selbst-F\u00fcrsorge<\/span> weiterlesen<\/a><\/p>\n","protected":false},"author":1,"featured_media":0,"parent":0,"menu_order":0,"comment_status":"closed","ping_status":"closed","template":"","meta":{"footnotes":""},"class_list":["post-193","page","type-page","status-publish","hentry","entry"],"yoast_head":"<!-- This site is optimized with the Yoast SEO plugin v23.1 - https:\/\/yoast.com\/wordpress\/plugins\/seo\/ -->\n<title>Selbst-F\u00fcrsorge - authentischSein<\/title>\n<meta name=\"robots\" content=\"index, follow, max-snippet:-1, max-image-preview:large, max-video-preview:-1\" \/>\n<link rel=\"canonical\" href=\"https:\/\/authentischsein.eu\/index.php\/selbstfuersorge\/\" \/>\n<meta property=\"og:locale\" content=\"de_DE\" \/>\n<meta property=\"og:type\" content=\"article\" \/>\n<meta property=\"og:title\" content=\"Selbst-F\u00fcrsorge - authentischSein\" \/>\n<meta property=\"og:description\" content=\"In unserer heutigen Zeit mit ihren besonderen Herausforderungen ist es wichtig , dass wir gut f\u00fcr uns sorgen . Denn nur wenn es uns gut geht &amp; wir gest\u00e4rkt sind , k\u00f6nnen wir f\u00fcr uns einstehen und unsere W\u00fcnsche und Bed\u00fcrfnisse f\u00fcr uns und andere in die Tat umsetzten. Nach meiner Erfahrung ist diese mit&hellip; Selbst-F\u00fcrsorge weiterlesen\" \/>\n<meta property=\"og:url\" content=\"https:\/\/authentischsein.eu\/index.php\/selbstfuersorge\/\" \/>\n<meta property=\"og:site_name\" content=\"authentischSein\" \/>\n<meta property=\"article:modified_time\" content=\"2024-01-08T10:24:03+00:00\" \/>\n<meta name=\"twitter:card\" content=\"summary_large_image\" \/>\n<meta name=\"twitter:label1\" content=\"Gesch\u00e4tzte Lesezeit\" \/>\n\t<meta name=\"twitter:data1\" content=\"1\u00a0Minute\" \/>\n<script type=\"application\/ld+json\" class=\"yoast-schema-graph\">{\"@context\":\"https:\/\/schema.org\",\"@graph\":[{\"@type\":\"WebPage\",\"@id\":\"https:\/\/authentischsein.eu\/index.php\/selbstfuersorge\/\",\"url\":\"https:\/\/authentischsein.eu\/index.php\/selbstfuersorge\/\",\"name\":\"Selbst-F\u00fcrsorge - authentischSein\",\"isPartOf\":{\"@id\":\"https:\/\/authentischsein.eu\/#website\"},\"datePublished\":\"2023-12-05T14:41:04+00:00\",\"dateModified\":\"2024-01-08T10:24:03+00:00\",\"breadcrumb\":{\"@id\":\"https:\/\/authentischsein.eu\/index.php\/selbstfuersorge\/#breadcrumb\"},\"inLanguage\":\"de\",\"potentialAction\":[{\"@type\":\"ReadAction\",\"target\":[\"https:\/\/authentischsein.eu\/index.php\/selbstfuersorge\/\"]}]},{\"@type\":\"BreadcrumbList\",\"@id\":\"https:\/\/authentischsein.eu\/index.php\/selbstfuersorge\/#breadcrumb\",\"itemListElement\":[{\"@type\":\"ListItem\",\"position\":1,\"name\":\"Startseite\",\"item\":\"https:\/\/authentischsein.eu\/\"},{\"@type\":\"ListItem\",\"position\":2,\"name\":\"Selbst-F\u00fcrsorge\"}]},{\"@type\":\"WebSite\",\"@id\":\"https:\/\/authentischsein.eu\/#website\",\"url\":\"https:\/\/authentischsein.eu\/\",\"name\":\"authentischSein\",\"description\":\"f\u00fcr ein Starkes Ich im Wir\",\"potentialAction\":[{\"@type\":\"SearchAction\",\"target\":{\"@type\":\"EntryPoint\",\"urlTemplate\":\"https:\/\/authentischsein.eu\/?s={search_term_string}\"},\"query-input\":\"required name=search_term_string\"}],\"inLanguage\":\"de\"}]}<\/script>\n<!-- \/ Yoast SEO plugin. -->","yoast_head_json":{"title":"Selbst-F\u00fcrsorge - authentischSein","robots":{"index":"index","follow":"follow","max-snippet":"max-snippet:-1","max-image-preview":"max-image-preview:large","max-video-preview":"max-video-preview:-1"},"canonical":"https:\/\/authentischsein.eu\/index.php\/selbstfuersorge\/","og_locale":"de_DE","og_type":"article","og_title":"Selbst-F\u00fcrsorge - authentischSein","og_description":"In unserer heutigen Zeit mit ihren besonderen Herausforderungen ist es wichtig , dass wir gut f\u00fcr uns sorgen . Denn nur wenn es uns gut geht &amp; wir gest\u00e4rkt sind , k\u00f6nnen wir f\u00fcr uns einstehen und unsere W\u00fcnsche und Bed\u00fcrfnisse f\u00fcr uns und andere in die Tat umsetzten. Nach meiner Erfahrung ist diese mit&hellip; Selbst-F\u00fcrsorge weiterlesen","og_url":"https:\/\/authentischsein.eu\/index.php\/selbstfuersorge\/","og_site_name":"authentischSein","article_modified_time":"2024-01-08T10:24:03+00:00","twitter_card":"summary_large_image","twitter_misc":{"Gesch\u00e4tzte Lesezeit":"1\u00a0Minute"},"schema":{"@context":"https:\/\/schema.org","@graph":[{"@type":"WebPage","@id":"https:\/\/authentischsein.eu\/index.php\/selbstfuersorge\/","url":"https:\/\/authentischsein.eu\/index.php\/selbstfuersorge\/","name":"Selbst-F\u00fcrsorge - authentischSein","isPartOf":{"@id":"https:\/\/authentischsein.eu\/#website"},"datePublished":"2023-12-05T14:41:04+00:00","dateModified":"2024-01-08T10:24:03+00:00","breadcrumb":{"@id":"https:\/\/authentischsein.eu\/index.php\/selbstfuersorge\/#breadcrumb"},"inLanguage":"de","potentialAction":[{"@type":"ReadAction","target":["https:\/\/authentischsein.eu\/index.php\/selbstfuersorge\/"]}]},{"@type":"BreadcrumbList","@id":"https:\/\/authentischsein.eu\/index.php\/selbstfuersorge\/#breadcrumb","itemListElement":[{"@type":"ListItem","position":1,"name":"Startseite","item":"https:\/\/authentischsein.eu\/"},{"@type":"ListItem","position":2,"name":"Selbst-F\u00fcrsorge"}]},{"@type":"WebSite","@id":"https:\/\/authentischsein.eu\/#website","url":"https:\/\/authentischsein.eu\/","name":"authentischSein","description":"f\u00fcr ein Starkes Ich im Wir","potentialAction":[{"@type":"SearchAction","target":{"@type":"EntryPoint","urlTemplate":"https:\/\/authentischsein.eu\/?s={search_term_string}"},"query-input":"required name=search_term_string"}],"inLanguage":"de"}]}},"_links":{"self":[{"href":"https:\/\/authentischsein.eu\/index.php\/wp-json\/wp\/v2\/pages\/193","targetHints":{"allow":["GET"]}}],"collection":[{"href":"https:\/\/authentischsein.eu\/index.php\/wp-json\/wp\/v2\/pages"}],"about":[{"href":"https:\/\/authentischsein.eu\/index.php\/wp-json\/wp\/v2\/types\/page"}],"author":[{"embeddable":true,"href":"https:\/\/authentischsein.eu\/index.php\/wp-json\/wp\/v2\/users\/1"}],"replies":[{"embeddable":true,"href":"https:\/\/authentischsein.eu\/index.php\/wp-json\/wp\/v2\/comments?post=193"}],"version-history":[{"count":7,"href":"https:\/\/authentischsein.eu\/index.php\/wp-json\/wp\/v2\/pages\/193\/revisions"}],"predecessor-version":[{"id":216,"href":"https:\/\/authentischsein.eu\/index.php\/wp-json\/wp\/v2\/pages\/193\/revisions\/216"}],"wp:attachment":[{"href":"https:\/\/authentischsein.eu\/index.php\/wp-json\/wp\/v2\/media?parent=193"}],"curies":[{"name":"wp","href":"https:\/\/api.w.org\/{rel}","templated":true}]}}