{"id":73,"date":"2023-05-10T10:38:52","date_gmt":"2023-05-10T10:38:52","guid":{"rendered":"https:\/\/authentischsein.eu\/?page_id=73"},"modified":"2023-05-10T14:29:56","modified_gmt":"2023-05-10T14:29:56","slug":"ueber-mich","status":"publish","type":"page","link":"https:\/\/authentischsein.eu\/index.php\/ueber-mich\/","title":{"rendered":"\u00dcber mich"},"content":{"rendered":"<div class=\"wp-block-image\">\r\n<figure class=\"alignleft size-large is-resized\"><img fetchpriority=\"high\" decoding=\"async\" class=\"wp-image-74\" src=\"https:\/\/authentischsein.eu\/wp-content\/uploads\/2023\/05\/IMG_28801-1024x988.jpg\" alt=\"\" width=\"260\" height=\"250\" srcset=\"https:\/\/authentischsein.eu\/wp-content\/uploads\/2023\/05\/IMG_28801-1024x988.jpg 1024w, https:\/\/authentischsein.eu\/wp-content\/uploads\/2023\/05\/IMG_28801-300x289.jpg 300w, https:\/\/authentischsein.eu\/wp-content\/uploads\/2023\/05\/IMG_28801-768x741.jpg 768w, https:\/\/authentischsein.eu\/wp-content\/uploads\/2023\/05\/IMG_28801-1536x1482.jpg 1536w, https:\/\/authentischsein.eu\/wp-content\/uploads\/2023\/05\/IMG_28801-2048x1976.jpg 2048w, https:\/\/authentischsein.eu\/wp-content\/uploads\/2023\/05\/IMG_28801-1568x1513.jpg 1568w\" sizes=\"(max-width: 260px) 100vw, 260px\" \/><\/figure>\r\n<\/div>\r\n\r\n\r\n<p>&nbsp;<\/p>\r\n<p>&nbsp;<\/p>\r\n<p>&nbsp;<\/p>\r\n<p>&nbsp;<\/p>\r\n<p>&nbsp;<\/p>\r\n<p>&nbsp;<\/p>\r\n<p class=\"has-text-align-left\">Peter Michael D\u00f6rr<\/p>\r\n\r\n\r\n\r\n<p class=\"has-text-align-left\">Diplom Soziologe<\/p>\r\n\r\n\r\n\r\n<p class=\"has-text-align-left\">langj\u00e4hrig t\u00e4tig in wissenschftsbasierter Pers\u00f6nlichkeitsentwicklung und Coaching<\/p>\r\n\r\n\r\n\r\n<p class=\"has-text-align-left\">war langj\u00e4hrig t\u00e4tig in Care-Berufen<\/p>\r\n\r\n<p>&nbsp;<\/p>\r\n<p>&nbsp;<\/p>\r\n<p>&nbsp;<\/p>\r\n<p>&nbsp;<\/p>\r\n<p>&nbsp;<\/p>\r\n<p>&nbsp;<\/p>\r\n<p>&nbsp;<\/p>\r\n<p>&nbsp;<\/p>\r\n<p>&nbsp;<\/p>\r\n<p>&nbsp;<\/p>\r\n<p>&nbsp;<\/p>\r\n<p>&nbsp;<\/p>\r\n<p>&nbsp;<\/p>\r\n<p>&nbsp;<\/p>\r\n<p>&nbsp;<\/p>\r\n<p>&nbsp;<\/p>\r\n<p>&nbsp;<\/p>\r\n<p>&nbsp;<\/p>\r\n<p>&nbsp;<\/p>\r\n<p>&nbsp;<\/p>\r\n<p>&nbsp;<\/p>\r\n<p>&nbsp;<\/p>\r\n<p>&nbsp;<\/p>\r\n<p>&nbsp;<\/p>\r\n<p>&nbsp;<\/p>\r\n<p>&nbsp;<\/p>","protected":false},"excerpt":{"rendered":"<p>&nbsp; &nbsp; &nbsp; &nbsp; &nbsp; &nbsp; Peter Michael D\u00f6rr Diplom Soziologe langj\u00e4hrig t\u00e4tig in wissenschftsbasierter Pers\u00f6nlichkeitsentwicklung und Coaching war langj\u00e4hrig t\u00e4tig in Care-Berufen &nbsp; &nbsp; &nbsp; &nbsp; &nbsp; &nbsp; &nbsp; &nbsp; &nbsp; &nbsp; &nbsp; &nbsp; &nbsp; &nbsp; &nbsp; &nbsp; &nbsp; &nbsp; &nbsp; &nbsp; &nbsp; &nbsp; &nbsp; &nbsp; &nbsp; &nbsp;<\/p>\n","protected":false},"author":1,"featured_media":0,"parent":0,"menu_order":0,"comment_status":"closed","ping_status":"closed","template":"","meta":{"footnotes":""},"class_list":["post-73","page","type-page","status-publish","hentry","entry"],"yoast_head":"<!-- This site is optimized with the Yoast SEO plugin v23.1 - https:\/\/yoast.com\/wordpress\/plugins\/seo\/ -->\n<title>\u00dcber mich - authentischSein<\/title>\n<meta name=\"robots\" content=\"index, follow, max-snippet:-1, max-image-preview:large, max-video-preview:-1\" \/>\n<link rel=\"canonical\" href=\"https:\/\/authentischsein.eu\/index.php\/ueber-mich\/\" \/>\n<meta property=\"og:locale\" content=\"de_DE\" \/>\n<meta property=\"og:type\" content=\"article\" \/>\n<meta property=\"og:title\" content=\"\u00dcber mich - authentischSein\" \/>\n<meta property=\"og:description\" content=\"&nbsp; &nbsp; &nbsp; &nbsp; &nbsp; &nbsp; Peter Michael D\u00f6rr Diplom Soziologe langj\u00e4hrig t\u00e4tig in wissenschftsbasierter Pers\u00f6nlichkeitsentwicklung und Coaching war langj\u00e4hrig t\u00e4tig in Care-Berufen &nbsp; &nbsp; &nbsp; &nbsp; &nbsp; &nbsp; &nbsp; &nbsp; &nbsp; &nbsp; &nbsp; &nbsp; &nbsp; &nbsp; &nbsp; &nbsp; &nbsp; &nbsp; &nbsp; &nbsp; &nbsp; &nbsp; &nbsp; &nbsp; &nbsp; &nbsp;\" \/>\n<meta property=\"og:url\" content=\"https:\/\/authentischsein.eu\/index.php\/ueber-mich\/\" \/>\n<meta property=\"og:site_name\" content=\"authentischSein\" \/>\n<meta property=\"article:modified_time\" content=\"2023-05-10T14:29:56+00:00\" \/>\n<meta property=\"og:image\" content=\"https:\/\/authentischsein.eu\/wp-content\/uploads\/2023\/05\/IMG_28801-1024x988.jpg\" \/>\n<meta name=\"twitter:card\" content=\"summary_large_image\" \/>\n<meta name=\"twitter:label1\" content=\"Gesch\u00e4tzte Lesezeit\" \/>\n\t<meta name=\"twitter:data1\" content=\"1\u00a0Minute\" \/>\n<script type=\"application\/ld+json\" class=\"yoast-schema-graph\">{\"@context\":\"https:\/\/schema.org\",\"@graph\":[{\"@type\":\"WebPage\",\"@id\":\"https:\/\/authentischsein.eu\/index.php\/ueber-mich\/\",\"url\":\"https:\/\/authentischsein.eu\/index.php\/ueber-mich\/\",\"name\":\"\u00dcber mich - authentischSein\",\"isPartOf\":{\"@id\":\"https:\/\/authentischsein.eu\/#website\"},\"primaryImageOfPage\":{\"@id\":\"https:\/\/authentischsein.eu\/index.php\/ueber-mich\/#primaryimage\"},\"image\":{\"@id\":\"https:\/\/authentischsein.eu\/index.php\/ueber-mich\/#primaryimage\"},\"thumbnailUrl\":\"https:\/\/authentischsein.eu\/wp-content\/uploads\/2023\/05\/IMG_28801-1024x988.jpg\",\"datePublished\":\"2023-05-10T10:38:52+00:00\",\"dateModified\":\"2023-05-10T14:29:56+00:00\",\"breadcrumb\":{\"@id\":\"https:\/\/authentischsein.eu\/index.php\/ueber-mich\/#breadcrumb\"},\"inLanguage\":\"de\",\"potentialAction\":[{\"@type\":\"ReadAction\",\"target\":[\"https:\/\/authentischsein.eu\/index.php\/ueber-mich\/\"]}]},{\"@type\":\"ImageObject\",\"inLanguage\":\"de\",\"@id\":\"https:\/\/authentischsein.eu\/index.php\/ueber-mich\/#primaryimage\",\"url\":\"https:\/\/authentischsein.eu\/wp-content\/uploads\/2023\/05\/IMG_28801-scaled.jpg\",\"contentUrl\":\"https:\/\/authentischsein.eu\/wp-content\/uploads\/2023\/05\/IMG_28801-scaled.jpg\",\"width\":2560,\"height\":2470},{\"@type\":\"BreadcrumbList\",\"@id\":\"https:\/\/authentischsein.eu\/index.php\/ueber-mich\/#breadcrumb\",\"itemListElement\":[{\"@type\":\"ListItem\",\"position\":1,\"name\":\"Startseite\",\"item\":\"https:\/\/authentischsein.eu\/\"},{\"@type\":\"ListItem\",\"position\":2,\"name\":\"\u00dcber mich\"}]},{\"@type\":\"WebSite\",\"@id\":\"https:\/\/authentischsein.eu\/#website\",\"url\":\"https:\/\/authentischsein.eu\/\",\"name\":\"authentischSein\",\"description\":\"f\u00fcr ein Starkes Ich im Wir\",\"potentialAction\":[{\"@type\":\"SearchAction\",\"target\":{\"@type\":\"EntryPoint\",\"urlTemplate\":\"https:\/\/authentischsein.eu\/?s={search_term_string}\"},\"query-input\":\"required name=search_term_string\"}],\"inLanguage\":\"de\"}]}<\/script>\n<!-- \/ Yoast SEO plugin. -->","yoast_head_json":{"title":"\u00dcber mich - authentischSein","robots":{"index":"index","follow":"follow","max-snippet":"max-snippet:-1","max-image-preview":"max-image-preview:large","max-video-preview":"max-video-preview:-1"},"canonical":"https:\/\/authentischsein.eu\/index.php\/ueber-mich\/","og_locale":"de_DE","og_type":"article","og_title":"\u00dcber mich - authentischSein","og_description":"&nbsp; &nbsp; &nbsp; &nbsp; &nbsp; &nbsp; Peter Michael D\u00f6rr Diplom Soziologe langj\u00e4hrig t\u00e4tig in wissenschftsbasierter Pers\u00f6nlichkeitsentwicklung und Coaching war langj\u00e4hrig t\u00e4tig in Care-Berufen &nbsp; &nbsp; &nbsp; &nbsp; &nbsp; &nbsp; &nbsp; &nbsp; &nbsp; &nbsp; &nbsp; &nbsp; &nbsp; &nbsp; &nbsp; &nbsp; &nbsp; &nbsp; &nbsp; &nbsp; &nbsp; &nbsp; &nbsp; &nbsp; &nbsp; &nbsp;","og_url":"https:\/\/authentischsein.eu\/index.php\/ueber-mich\/","og_site_name":"authentischSein","article_modified_time":"2023-05-10T14:29:56+00:00","og_image":[{"url":"https:\/\/authentischsein.eu\/wp-content\/uploads\/2023\/05\/IMG_28801-1024x988.jpg"}],"twitter_card":"summary_large_image","twitter_misc":{"Gesch\u00e4tzte Lesezeit":"1\u00a0Minute"},"schema":{"@context":"https:\/\/schema.org","@graph":[{"@type":"WebPage","@id":"https:\/\/authentischsein.eu\/index.php\/ueber-mich\/","url":"https:\/\/authentischsein.eu\/index.php\/ueber-mich\/","name":"\u00dcber mich - authentischSein","isPartOf":{"@id":"https:\/\/authentischsein.eu\/#website"},"primaryImageOfPage":{"@id":"https:\/\/authentischsein.eu\/index.php\/ueber-mich\/#primaryimage"},"image":{"@id":"https:\/\/authentischsein.eu\/index.php\/ueber-mich\/#primaryimage"},"thumbnailUrl":"https:\/\/authentischsein.eu\/wp-content\/uploads\/2023\/05\/IMG_28801-1024x988.jpg","datePublished":"2023-05-10T10:38:52+00:00","dateModified":"2023-05-10T14:29:56+00:00","breadcrumb":{"@id":"https:\/\/authentischsein.eu\/index.php\/ueber-mich\/#breadcrumb"},"inLanguage":"de","potentialAction":[{"@type":"ReadAction","target":["https:\/\/authentischsein.eu\/index.php\/ueber-mich\/"]}]},{"@type":"ImageObject","inLanguage":"de","@id":"https:\/\/authentischsein.eu\/index.php\/ueber-mich\/#primaryimage","url":"https:\/\/authentischsein.eu\/wp-content\/uploads\/2023\/05\/IMG_28801-scaled.jpg","contentUrl":"https:\/\/authentischsein.eu\/wp-content\/uploads\/2023\/05\/IMG_28801-scaled.jpg","width":2560,"height":2470},{"@type":"BreadcrumbList","@id":"https:\/\/authentischsein.eu\/index.php\/ueber-mich\/#breadcrumb","itemListElement":[{"@type":"ListItem","position":1,"name":"Startseite","item":"https:\/\/authentischsein.eu\/"},{"@type":"ListItem","position":2,"name":"\u00dcber mich"}]},{"@type":"WebSite","@id":"https:\/\/authentischsein.eu\/#website","url":"https:\/\/authentischsein.eu\/","name":"authentischSein","description":"f\u00fcr ein Starkes Ich im Wir","potentialAction":[{"@type":"SearchAction","target":{"@type":"EntryPoint","urlTemplate":"https:\/\/authentischsein.eu\/?s={search_term_string}"},"query-input":"required name=search_term_string"}],"inLanguage":"de"}]}},"_links":{"self":[{"href":"https:\/\/authentischsein.eu\/index.php\/wp-json\/wp\/v2\/pages\/73","targetHints":{"allow":["GET"]}}],"collection":[{"href":"https:\/\/authentischsein.eu\/index.php\/wp-json\/wp\/v2\/pages"}],"about":[{"href":"https:\/\/authentischsein.eu\/index.php\/wp-json\/wp\/v2\/types\/page"}],"author":[{"embeddable":true,"href":"https:\/\/authentischsein.eu\/index.php\/wp-json\/wp\/v2\/users\/1"}],"replies":[{"embeddable":true,"href":"https:\/\/authentischsein.eu\/index.php\/wp-json\/wp\/v2\/comments?post=73"}],"version-history":[{"count":8,"href":"https:\/\/authentischsein.eu\/index.php\/wp-json\/wp\/v2\/pages\/73\/revisions"}],"predecessor-version":[{"id":112,"href":"https:\/\/authentischsein.eu\/index.php\/wp-json\/wp\/v2\/pages\/73\/revisions\/112"}],"wp:attachment":[{"href":"https:\/\/authentischsein.eu\/index.php\/wp-json\/wp\/v2\/media?parent=73"}],"curies":[{"name":"wp","href":"https:\/\/api.w.org\/{rel}","templated":true}]}}